{"id":437,"date":"2021-01-21T02:21:41","date_gmt":"2021-01-21T01:21:41","guid":{"rendered":"https:\/\/iot-baseplate.io\/?page_id=437"},"modified":"2026-02-12T11:32:52","modified_gmt":"2026-02-12T10:32:52","slug":"impressum","status":"publish","type":"page","link":"https:\/\/onsite-data.io\/de\/impressum\/","title":{"rendered":"Impressum"},"content":{"rendered":"\n<p><strong><span style=\"color:#00006f\" class=\"has-inline-color\">IoT Baseplate &#8211; Onsite Data Intelligence GmbH<\/span><\/strong><\/p>\n\n\n<div class=\"gb-grid-wrapper gb-grid-wrapper-0c969d88\">\n<div class=\"gb-grid-column gb-grid-column-91e1274f\"><div class=\"gb-container gb-container-91e1274f\"><div class=\"gb-inside-container\">\n<div class=\"gb-container gb-container-d9c3074b\">\n\n<p><mark style=\"background-color:rgba(0, 0, 0, 0);color:#00006f\" class=\"has-inline-color\"><strong>Vienna City Office<\/strong><\/mark><br>Wallnerstra\u00dfe 4\/3\/WA05<br>1010 Vienna<br>Austria<\/p>\n\n<\/div>\n<\/div><\/div><\/div>\n\n<div class=\"gb-grid-column gb-grid-column-8d55dea7\"><div class=\"gb-container gb-container-8d55dea7\"><div class=\"gb-inside-container\">\n\n<p><mark style=\"background-color:rgba(0, 0, 0, 0);color:#00006f\" class=\"has-inline-color\"><strong>Sitz der Gesellschaft<\/strong><\/mark><br>Gie\u00dfh\u00fcbler Stra\u00dfe 69<br>2371 Hinterbr\u00fchl<br>Austria<\/p>\n\n<\/div><\/div><\/div>\n<\/div>\n\n\n<p><br><a href=\"mailto:office@iot-baseplate.io\">office@iot-baseplate.io<\/a><br><a href=\"mailto:office@onsite-data.io\">office@onsite-data.io<\/a><\/p>\n\n\n\n<p><strong><span style=\"color:#00006f\" class=\"has-inline-color\">+43 660 85 33 203<\/span><\/strong><br><\/p>\n\n\n\n<p><br><strong>Unternehmensgegenstand:<\/strong><\/p>\n\n\n\n<p>Mechatroniker f\u00fcr Elektromaschinenbau und Automatisierung, eingeschr\u00e4nkt auf die Planung, Herstellung und Wartung von Steuer- und Sensorger\u00e4ten f\u00fcr die digitale und automatisierte Mobilit\u00e4tslenkung im Transport- und Verkehrsbereich in der automatischen Datenverarbeitung und Informationstechnik<\/p>\n\n\n\n<p>Wirtschaftskammer \u00d6sterreich<br>Wiedner Hauptstra\u00dfe 63 <br> A-1045 Wien<\/p>\n\n\n\n<p><br>Firmenbuchnummer: FN 551677s <br>Gerichtsort: St. P\u00f6lten<br>UID: ATU76696906<\/p>\n\n\n\n<div style=\"height:30px\" aria-hidden=\"true\" class=\"wp-block-spacer\"><\/div>\n\n\n\n<hr class=\"wp-block-separator has-text-color has-css-opacity has-background is-style-default\" style=\"background-color:#00006f;color:#00006f\"\/>\n\n\n<div class=\"gb-grid-wrapper gb-grid-wrapper-74f657be\">\n<div class=\"gb-grid-column gb-grid-column-19c08b6d\"><div class=\"gb-container gb-container-19c08b6d\"><div class=\"gb-inside-container\">\n\n<p>\u00a9 Fotos:<\/p>\n\n<\/div><\/div><\/div>\n\n<div class=\"gb-grid-column gb-grid-column-1248b198\"><div class=\"gb-container gb-container-1248b198\"><div class=\"gb-inside-container\">\n\n<p><\/p>\n\n\n\n<p>Davide Ragusa \u2013 unsplash<br>Kanan Khasmammadov \u2013 unsplash<br>zhuyufang &#8211; iStockphoto<br>baranozdemir &#8211; iStockphoto<br>photo_Pawel &#8211; iStockphoto<br>Punchim &#8211; iStockphoto<br>IGphotography &#8211; iStockphoto<br>PhotographyByMK &#8211; stock.adobe.com<br>Ralf Gosch, Hamburg<br>querbeet &#8211; iStockphoto<br>Stadt Hamburg \u2013 \u00a9 www.mediaserver.hamburg.de\/Andreas Vallbracht<\/p>\n\n\n\n<p><\/p>\n\n\n\n<p><\/p>\n\n\n\n<p><\/p>\n\n<\/div><\/div><\/div>\n<\/div>\n\n\n<p><\/p>\n","protected":false},"excerpt":{"rendered":"","protected":false},"author":2,"featured_media":0,"parent":0,"menu_order":0,"comment_status":"closed","ping_status":"closed","template":"","meta":{"_seopress_robots_primary_cat":"","_seopress_titles_title":"","_seopress_titles_desc":"","_seopress_robots_index":"","footnotes":""},"class_list":["post-437","page","type-page","status-publish"],"_links":{"self":[{"href":"https:\/\/onsite-data.io\/de\/wp-json\/wp\/v2\/pages\/437","targetHints":{"allow":["GET"]}}],"collection":[{"href":"https:\/\/onsite-data.io\/de\/wp-json\/wp\/v2\/pages"}],"about":[{"href":"https:\/\/onsite-data.io\/de\/wp-json\/wp\/v2\/types\/page"}],"author":[{"embeddable":true,"href":"https:\/\/onsite-data.io\/de\/wp-json\/wp\/v2\/users\/2"}],"replies":[{"embeddable":true,"href":"https:\/\/onsite-data.io\/de\/wp-json\/wp\/v2\/comments?post=437"}],"version-history":[{"count":28,"href":"https:\/\/onsite-data.io\/de\/wp-json\/wp\/v2\/pages\/437\/revisions"}],"predecessor-version":[{"id":2539,"href":"https:\/\/onsite-data.io\/de\/wp-json\/wp\/v2\/pages\/437\/revisions\/2539"}],"wp:attachment":[{"href":"https:\/\/onsite-data.io\/de\/wp-json\/wp\/v2\/media?parent=437"}],"curies":[{"name":"wp","href":"https:\/\/api.w.org\/{rel}","templated":true}]}}