{"id":3,"date":"2021-01-11T13:29:38","date_gmt":"2021-01-11T12:29:38","guid":{"rendered":"https:\/\/iot-baseplate.io\/?page_id=3"},"modified":"2021-08-27T16:17:50","modified_gmt":"2021-08-27T14:17:50","slug":"datenschutzerklaerung","status":"publish","type":"page","link":"https:\/\/onsite-data.io\/de\/datenschutzerklaerung\/","title":{"rendered":"Datenschutzerkl\u00e4rung"},"content":{"rendered":"\n<p>Diese Datenschutzerkl\u00e4rung kl\u00e4rt Nutzer \u00fcber die Art, den Umfang und Zwecke der Erhebung und Verarbeitung personenbezogener Daten durch den verantwortlichen Anbieter IoT Baseplate &#8211; Onsite Data Intelligence GmbH, AirportCity Space \/ Office Park 4, Towerstra\u00dfe 3, 1300 Vienna Airport, Austria bzw. im Vienna City Office Siebensterngasse 31\/8, 1070 Vienna, Austria, auf dieser Website auf. Der Schutz Ihrer pers\u00f6nlichen Daten ist uns ein besonderes Anliegen. Wir verarbeiten Ihre Daten daher ausschlie\u00dflich auf Grundlage der jeweils g\u00fcltigen nationalen und unionsrechtlichen Bestimmungen. In diesen Datenschutzinformationen informieren wir Sie \u00fcber die Verarbeitung von personenbezogenen Daten im Rahmen unserer Webservices.<\/p>\n\n\n\n<h2 class=\"gb-headline gb-headline-0c957251 gb-headline-text\">Grunds\u00e4tzliche Angaben zur Datenverarbeitung<\/h2>\n\n\n\n<p>Wir erheben, verarbeiten und nutzen personenbezogene Daten der Nutzer nur unter Einhaltung der einschl\u00e4gigen Datenschutzbestimmungen. Das bedeutet, die Daten der Nutzer werden nur bei Vorliegen einer gesetzlichen Erlaubnis oder Vorliegen Ihrer pers\u00f6nlichen Einwilligung verarbeitet. Wir treffen alle organisatorischen und technischen Sicherheitsma\u00dfnahmen entsprechend dem aktuellen Stand der Technik, um sicherzustellen, dass die Vorschriften der Datenschutzgesetze eingehalten werden und um die durch uns verwalteten Daten gegen zuf\u00e4llige oder vors\u00e4tzliche Manipulation, Verlust, Zerst\u00f6rung oder gegen den Zugriff unberechtigter Dritter zu sch\u00fctzen.<\/p>\n\n\n\n<h2 class=\"wp-block-heading\">Umgang mit personenbezogenen Daten<\/h2>\n\n\n\n<p>Personenbezogene Daten sind Informationen, mit deren Hilfe eine Person bestimmbar ist, also Angaben, die zur\u00fcck zu einer Person verfolgt werden k\u00f6nnen. Dazu geh\u00f6ren der Name, die E-Mail-Adresse oder die Telefonnummer. Aber auch Daten \u00fcber Vorlieben, Hobbies, Mitgliedschaften, Standortdaten oder welche Webseiten von jemandem angesehen wurden, z\u00e4hlen zu personenbezogenen Daten.<\/p>\n\n\n\n<h2 class=\"wp-block-heading\">Datenverarbeitung<\/h2>\n\n\n\n<p>Untenstehend finden sich die Arten der verarbeiteten Daten und der Zweck ihrer Verarbeitung, sowie betroffenen Personengruppen wieder: Datentypen:<br>Bestehende Daten wie z.B. Name oder Adresse Kontaktdaten wie z.B. E-Mail oder Telefonnummer Inhaltliche Daten wie z.B. diverse Eingaben von Benutzerinnen in Formularen, sowie besuchte Webseiten und Ger\u00e4teinformationen und IP-Adressen<br>Personen: Besucher der Webseite<br>Zweck der Verarbeitung: Zur Kommunikation, Verbreitung von Informationen und f\u00fcr Kontaktanfragen, sowie f\u00fcr das Tracking<br>Rechtsgrundlagen: Berechtigte Interessen (Art. 6 Abs. 1 S. 1 lit. f. DSGVO).<\/p>\n\n\n\n<h2 class=\"wp-block-heading\">Kontakt mit uns via E-Mail<\/h2>\n\n\n\n<p>Sollten Sie mit uns per E-Mail in Kontakt treten, erheben und verarbeiten die von Ihnen im Rahmen der \u00dcbermittlung Ihrer E-Mail gesendeten Daten und verwenden diese, um auf Ihr Anliegen zu antworten. Sollte die Anfrage von Ihnen zu keinem Rechtsgesch\u00e4ft f\u00fchren, werden s\u00e4mtliche personenbezogenen Daten nach zw\u00f6lf Wochen gel\u00f6scht. Wir verarbeiten diese personenbezogenen Daten von Ihnen ausschlie\u00dflich, wenn dies gesetzlich erlaubt ist oder mit Ihrer ausdr\u00fccklichen Zustimmung oder wenn es zur Erreichung eines legitimen Zwecks von Gesetzes wegen vorgesehen und erlaubt ist.<\/p>\n\n\n\n<h2 class=\"wp-block-heading\">Zugriffsdaten\/Server-Logfiles<\/h2>\n\n\n\n<p>Aus technischen Gr\u00fcnden und wegen berechtigtem Interesse werden unter anderem folgende Daten bei einem Serverzugriff an uns bzw. an unseren Webspace-Provider \u00fcbermittelt und erfasst (sogenannte Serverlogfiles):<br>besuchte Website<br>Uhrzeit zum Zeitpunkt des Zugriffes<br>Menge der gesendeten Daten in Byte<br>Quelle\/Verweis, von welchem Sie auf die Seite gelangten<br>verwendeter Browser<br>verwendetes Betriebssystem<br>verwendete IP-Adresse<br>Diese anonymen Daten stehen in keinem Zusammenhang mit Ihren eventuell angegebenen personenbezogenen Daten und lassen somit keine R\u00fcckschl\u00fcsse auf eine bestimmte Person zu. Sie dienen lediglich statistischen Zwecken. Anhand der Auswertung k\u00f6nnen wir unseren Internetauftritt und unsere Angebote optimieren.<\/p>\n\n\n\n<h2 class=\"wp-block-heading\">Auftragsverarbeiter und Dritte<\/h2>\n\n\n\n<p>Sollten wir im Zuge der Datenverarbeitung die Daten anderen Unternehmen (Auftragsverarbeitern oder Dritten) offenlegen, erfolgt dies auf Grundlage einer gesetzlichen Erlaubnis. Weitere Gr\u00fcnde w\u00e4ren, wenn Sie der Verarbeitung durch Dritte zugestimmt haben, eine rechtliche Verpflichtung besteht oder auf Basis eines berechtigten Interesses. Letzteres schlie\u00dft das Hosting der Website (Webhoster bzw. Provider) ein. Wir bedienen uns gem. Art. 28 DSGVO eines Auftragsverarbeiters, der mit unserem Unternehmen einen entsprechenden Vertrag abgeschlossen hat, wonach dieser Dienstleister Ihre personenbezogenen Daten ausschlie\u00dflich nach unseren Vorgaben bzw. auf Grundlage dieser Erkl\u00e4rung verarbeiten darf.<\/p>\n\n\n\n<h2 class=\"wp-block-heading\">Cookies<\/h2>\n\n\n\n<p>Cookies sind kleine Dateien, die es erm\u00f6glichen, auf dem Zugriffsger\u00e4t der Nutzer (PC, Smartphone o. \u00e4.) spezifische, auf das Ger\u00e4t bezogene Informationen zu speichern. Sie dienen zum einen der Benutzerfreundlichkeit von Websites und damit den Nutzern (z. B. Speicherung von Logindaten), zum anderen dienen sie der Erfassung statistischer Daten der Website-Nutzung, die zwecks Verbesserung des Angebotes analysiert werden. Die Nutzer k\u00f6nnen auf den Einsatz der Cookies Einfluss nehmen. G\u00e4ngige Browser bieten eine Option an, mit der das Speichern von Cookies eingeschr\u00e4nkt oder komplett verhindert wird. Allerdings wird darauf hingewiesen, dass die Nutzung und insbesondere der Nutzungskomfort ohne Cookies eingeschr\u00e4nkt werden (k\u00f6nnen). Sie k\u00f6nnen viele Online-Anzeigen-Cookies von Unternehmen \u00fcber die US-amerikanische Seite Your Ad Choices oder die EU-Seite Your Online Choices verwalten.<\/p>\n\n\n\n<h2 class=\"wp-block-heading\">Re\/Marketing-Services<\/h2>\n\n\n\n<p>Der Anbieter kann auf der Webseite die Remarketing- oder \u201e\u00c4hnliche Zielgruppen\u201c-Funktion der Google Inc. (\u201eGoogle\u201c) verwenden. Mittels dieser Funktion kann der Anbieter die Besucher der Webseite zielgerichtet mit Werbung ansprechen, indem f\u00fcr Besucher der Webseite des Anbieters personalisierte, interessenbezogene Werbeanzeigen geschaltet werden, wenn sie andere Websites im Google Display-Netzwerk besuchen. Zur Durchf\u00fchrung der Analyse der Website-Nutzung, welche die Grundlage f\u00fcr die Erstellung der interessenbezogenen Werbeanzeigen bildet, setzt Google sog. Cookies ein. Hierzu speichert Google eine kleine Datei mit einer Zahlenfolge in den Browsern der Besucher der Website. \u00dcber diese Zahl werden die Besuche der Website sowie anonymisierte Daten \u00fcber die Nutzung der Website erfasst. Es erfolgt keine Speicherung von personenbezogenen Daten der Besucher der Website. Besuchen Sie nachfolgend eine andere Website im Google Display-Netzwerk werden Ihnen Werbeeinblendungen angezeigt, die mit hoher Wahrscheinlichkeit zuvor aufgerufene Produkt- und Informationsbereiche ber\u00fccksichtigen. Sie k\u00f6nnen die Verwendung von Cookies durch Google dauerhaft deaktivieren, indem Sie dem nachfolgenden Link folgen und das bereitgestellte Plug-In herunterladen und installieren. Alternativ k\u00f6nnen Sie die Verwendung von Cookies durch Drittanbieter deaktivieren, indem sie die Deaktivierungsseite der Netzwerkwerbeinitiative (Network Advertising Initiative) aufrufen und die dort genannten weiterf\u00fchrenden Information zum Opt-Out umsetzen. Weiterf\u00fchrende Informationen zu Google Remarketing sowie die Datenschutzerkl\u00e4rung von Google k\u00f6nnen Sie hier einsehen.<\/p>\n\n\n\n<h2 class=\"wp-block-heading\">Google Web Fonts<\/h2>\n\n\n\n<p>Diese Seite kann zur einheitlichen Darstellung von Schriftarten so genannte Web Fonts nutzen, die von Google bereitgestellt werden. Beim Aufruf einer Seite l\u00e4dt Ihr Browser die ben\u00f6tigten Web Fonts in Ihren Browsercache, um Texte und Schriftarten korrekt anzuzeigen. Wenn Ihr Browser Web Fonts nicht unterst\u00fctzt, wird eine Standardschrift von Ihrem Computer genutzt. Weitere Informationen zu Google Web Fonts finden Sie unter Google Web Fonts \u2013 FAQ und in der Datenschutzerkl\u00e4rung von Google.<\/p>\n\n\n\n<h2 class=\"wp-block-heading\">Onlinepr\u00e4senz in Sozialen Medien<\/h2>\n\n\n\n<p>Wir verwenden f\u00fcr die Kommunikation mit unseren Kunden und zur Darstellung unseres Leistungsportfolios Soziale Medien und sind auf diesen Sozialen Netzwerken und Plattformen vertreten. Wir m\u00f6chten Sie dahingehend informieren, dass personenbezogene Daten au\u00dferhalb des Europ\u00e4ischen Raums verarbeitet werden k\u00f6nnen. Diese Umst\u00e4nde k\u00f6nnten ein Risiko hinsichtlich der Durchsetzung der Rechte der Nutzer mit sich bringen bzw. die Durchsetzung erschweren. US-Anbieter von Sozialen Diensten, welche Standardvertragsklauseln anbieten, verpflichten sich, die Datenschutzstandards der Europ\u00e4ischen Union einzuhalten. Die Verarbeitung der Nutzerdaten erfolgt in den meisten F\u00e4llen zur Marktforschung, um in weiterer Folge aus dem Nutzungsverhalten Interessen der einzelnen Nutzer ableiten zu k\u00f6nnen, sodass eine personalisierte Werbeanzeige, welche das Interesse der Nutzer wecken k\u00f6nnte, in den einzelnen Sozialen Netzwerken geschalten werden kann. Das Nutzungsverhalten wird in den meisten F\u00e4llen in Form von Cookies am Rechner gespeichert \u2013 insbesondere, wenn die Nutzer Mitglied des jeweiligen Sozialen Dienstes sind und eingeloggt sind. Die Verarbeitung Ihrer personenbezogenen Daten erfolgt auf Grundlage des berechtigten Interesses an der Bereitstellung von Informationen und einer effektiven Kommunikation mit unseren Kunden. F\u00fcr detaillierte Informationen \u00fcber die jeweilige Verarbeitung der personenbezogenen Daten sowie einer Opt-Out-M\u00f6glichkeit (Recht auf Widerspruch) sowie im Fall von Auskunftsanfragen, verweisen wir auf die Angaben der jeweiligen Anbieter, welche nachfolgend in Form von Links aufgelistet sind. Dies ergibt sich daraus, dass nur die jeweiligen Anbieter von Sozialen Netzen einen Zugriff auf die personenbezogenen Daten besitzen und dadurch notwendige Ma\u00dfnahmen ergreifen k\u00f6nnen. Sehr gerne stehen wir Ihnen aber mit Informationen unterst\u00fctzend zur Seite.<\/p>\n\n\n\n<h2 class=\"wp-block-heading\">Eingesetzte Dienste und Anbieter<\/h2>\n\n\n\n<p>LinkedIn ist ein soziales Netzwerk Dienstanbieter: LinkedIn Ireland Unlimited Company, Wilton Place, Dublin 2, Irland;<br>Links:<br><a href=\"https:\/\/www.linkedin.com\/\" data-type=\"URL\" data-id=\"https:\/\/www.linkedin.com\/\" target=\"_blank\" rel=\"noreferrer noopener\">Webseite<\/a><br><a href=\"https:\/\/www.linkedin.com\/legal\/privacy-policy\" data-type=\"URL\" data-id=\"https:\/\/www.linkedin.com\/legal\/privacy-policy\" target=\"_blank\" rel=\"noreferrer noopener\">Datenschutzerkl\u00e4rung<\/a><br><a href=\"https:\/\/www.linkedin.com\/psettings\/guest-controls\/retargeting-opt-out\" data-type=\"URL\" data-id=\"https:\/\/www.linkedin.com\/psettings\/guest-controls\/retargeting-opt-out\" target=\"_blank\" rel=\"noreferrer noopener\">Widerspruchsm\u00f6glichkeit (Opt-Out)<\/a><\/p>\n\n\n\n<p>Twitter ist ein soziales Netzwerk Dienstanbieter: Twitter International Company, One Cumberland Place, Fenian Street, Dublin 2 D02 AX07, Irland,<br>Links:<br><a href=\"https:\/\/twitter.com\/de\/privacy\" data-type=\"URL\" data-id=\"https:\/\/twitter.com\/de\/privacy\" target=\"_blank\" rel=\"noreferrer noopener\">Datenschutzerkl\u00e4rung<\/a><br><a href=\"https:\/\/twitter.com\/personalization\" data-type=\"URL\" data-id=\"https:\/\/twitter.com\/personalization\" target=\"_blank\" rel=\"noreferrer noopener\">Einstellungen<\/a><\/p>\n\n\n\n<h2 class=\"wp-block-heading\">Ihre Rechte<\/h2>\n\n\n\n<p>Ihnen stehen grunds\u00e4tzlich die Rechte auf Auskunft, Berichtigung, L\u00f6schung, Einschr\u00e4nkung, Daten\u00fcbertragbarkeit, Widerruf und Widerspruch zu. In diesem Fall nehmen Sie bitte \u00fcber die E-Mail-Adresse office@iot-baseplate.io oder office@onsite-data.io Kontakt mit uns auf. Wenn Sie glauben, dass die Verarbeitung Ihrer Daten gegen das Datenschutzrecht verst\u00f6\u00dft oder Ihre datenschutzrechtlichen Anspr\u00fcche sonst in einer Weise verletzt worden sind, k\u00f6nnen Sie sich bei der Aufsichtsbeh\u00f6rde beschweren. In \u00d6sterreich ist dies die Datenschutzbeh\u00f6rde.<br>\u00c4nderungen der Datenschutzerkl\u00e4rung Wir behalten uns vor, die Datenschutzerkl\u00e4rung zu \u00e4ndern, um sie an ge\u00e4nderte Rechtslagen oder bei \u00c4nderungen des Dienstes sowie der Datenverarbeitung anzupassen. Dies gilt jedoch nur im Hinblick auf Erkl\u00e4rungen zur Datenverarbeitung. Sofern Einwilligungen der Nutzer erforderlich sind oder Bestandteile der Datenschutzerkl\u00e4rung Regelungen des Vertragsverh\u00e4ltnisses mit den Nutzern enthalten, erfolgen die \u00c4nderungen nur mit Zustimmung der Nutzer. Die Nutzer werden gebeten, sich regelm\u00e4\u00dfig \u00fcber den Inhalt dieser Datenschutzerkl\u00e4rung auf unserer Website zu informieren. Verantwortliche Stelle im Sinne des Datenschutzrechts ist<\/p>\n\n\n\n<p>IoT Baseplate &#8211; Onsite Data Intelligence GmbH<\/p>\n\n\n\n<p>AirportCity Space \/ Office Park 4, Towerstra\u00dfe 3, 1300 Vienna Airport, Austria<\/p>\n\n\n\n<p>Vienna City Office: Siebensterngasse 31\/8, 1070 Vienna, Austria<\/p>\n\n\n\n<p>Tel.: +43 660 85 33 203<\/p>\n\n\n\n<p>E-Mail: <a href=\"mailto:office@iot-baseplate.io\">office@iot-baseplate.io<\/a> oder <a href=\"mailto:office@onsite-data.io\">office@onsite-data.io<\/a> Web: <a href=\"https:\/\/iot-baseplate.io\">https:\/\/iot-baseplate.io<\/a> oder <a href=\"http:\/\/www.onsite-data.io\" data-type=\"URL\" data-id=\"www.onsite-data.io\">https.\/\/www.onsite-data.io<\/a><\/p>\n","protected":false},"excerpt":{"rendered":"","protected":false},"author":2,"featured_media":0,"parent":0,"menu_order":0,"comment_status":"closed","ping_status":"closed","template":"","meta":{"_seopress_robots_primary_cat":"","_seopress_titles_title":"","_seopress_titles_desc":"","_seopress_robots_index":"","footnotes":""},"class_list":["post-3","page","type-page","status-publish"],"_links":{"self":[{"href":"https:\/\/onsite-data.io\/de\/wp-json\/wp\/v2\/pages\/3","targetHints":{"allow":["GET"]}}],"collection":[{"href":"https:\/\/onsite-data.io\/de\/wp-json\/wp\/v2\/pages"}],"about":[{"href":"https:\/\/onsite-data.io\/de\/wp-json\/wp\/v2\/types\/page"}],"author":[{"embeddable":true,"href":"https:\/\/onsite-data.io\/de\/wp-json\/wp\/v2\/users\/2"}],"replies":[{"embeddable":true,"href":"https:\/\/onsite-data.io\/de\/wp-json\/wp\/v2\/comments?post=3"}],"version-history":[{"count":7,"href":"https:\/\/onsite-data.io\/de\/wp-json\/wp\/v2\/pages\/3\/revisions"}],"predecessor-version":[{"id":872,"href":"https:\/\/onsite-data.io\/de\/wp-json\/wp\/v2\/pages\/3\/revisions\/872"}],"wp:attachment":[{"href":"https:\/\/onsite-data.io\/de\/wp-json\/wp\/v2\/media?parent=3"}],"curies":[{"name":"wp","href":"https:\/\/api.w.org\/{rel}","templated":true}]}}