{"id":2777,"date":"2021-01-11T14:06:36","date_gmt":"2021-01-11T13:06:36","guid":{"rendered":"https:\/\/onsite-data.io\/startseite\/"},"modified":"2026-04-23T19:33:12","modified_gmt":"2026-04-23T17:33:12","slug":"startseite","status":"publish","type":"page","link":"https:\/\/onsite-data.io\/de\/","title":{"rendered":"Startseite"},"content":{"rendered":"<div class=\"gb-container gb-container-075b7419 hero-container\">\n\n<p class=\"gb-headline gb-headline-15ec3fa0 gb-headline-text\">Integrierte digitale Systeme f\u00fcr Stra\u00dfeninfrastruktur<\/p>\n\n<\/div>\n\n<div class=\"gb-container gb-container-b91fb9b9 deco-bar\"><div class=\"gb-inside-container\"><\/div><\/div>\n\n<div class=\"gb-container gb-container-ead7577b gb-container-main\">\n\n<h5 class=\"gb-headline gb-headline-660bd15e gb-headline-text\">unsere Mission<\/h5>\n\n\n\n<h1 class=\"wp-block-heading\">Fokussierte L\u00f6sungen f\u00fcr die Praxis &#8211; genial einfach und skalierbar.<\/h1>\n\n\n\n<p class=\"gb-headline gb-headline-7dc4b4b7 gb-headline-text gb-headline-intro-text\">Onsite Data Intelligence entwickelt f\u00fcr Beh\u00f6rden, Infrastrukturbetreiber und Verkehrsmanagement-Organisationen digitale Systeme, die mobile Stra\u00dfeninfrastruktur zu vernetzter Infrastrukturintelligenz machen. Wir entwickeln nahtlos integrierte Hardware und Software, konsequent ausgerichtet auf robusten Betrieb, belastbare Daten und Kompatibilit\u00e4t mit Richtlinien und Regularien. Unsere L\u00f6sungen reichen von Asset Tracking bis hin zur pr\u00e4zisen Erfassungsintelligenz f\u00fcr Verkehrsereignisse f\u00fcr effiziente Verwaltung, digitale Zwillinge und CCAM \/ C-ITS-Umgebungen, unter anderem im Einsatz bei der Stadt Graz und der Stadt M\u00fcnchen.  <\/p>\n\n\n\n<div style=\"height:40px\" aria-hidden=\"true\" class=\"wp-block-spacer\"><\/div>\n\n\n\n<h2 class=\"wp-block-heading has-text-align-left\">Zertifiziert. Ausgezeichnet. Starke Partnerschaften.  <\/h2>\n\n<\/div>\n\n<div class=\"gb-container gb-container-708f7af8 gb-container-main\">\n<div class=\"gb-grid-wrapper gb-grid-wrapper-7c17659f\">\n<div class=\"gb-grid-column gb-grid-column-aeb2c696\"><div class=\"gb-container gb-container-aeb2c696\">\n<div class=\"gb-container gb-container-630a9091\">\n\n<figure class=\"gb-block-image gb-block-image-43698db4\"><img loading=\"lazy\" decoding=\"async\" width=\"538\" height=\"241\" class=\"gb-image gb-image-43698db4\" src=\"https:\/\/onsite-data.io\/wp-content\/uploads\/2026\/03\/logo-iob_190x85.png\" alt=\"logo io\u0308b 19,0x8,5\" title=\"Logo IO\u0308B_19,0x8,5\" srcset=\"https:\/\/onsite-data.io\/wp-content\/uploads\/2026\/03\/logo-iob_190x85.png 538w, https:\/\/onsite-data.io\/wp-content\/uploads\/2026\/03\/logo-iob_190x85-300x134.png 300w\" sizes=\"auto, (max-width: 538px) 100vw, 538px\" \/><\/figure>\n\n<\/div>\n\n\n<figcaption class=\"gb-headline gb-headline-e4baf4ab gb-headline-text gb-headline-absatz-14pt\">Innovationsf\u00f6rdernde \u00d6ffentliche Beschaffung<\/figcaption>\n\n\n\n<figcaption class=\"gb-headline gb-headline-13334beb gb-headline-text gb-headline-absatz-14pt\"><strong>Zertifizierter I\u00d6B-Lieferant<\/strong><\/figcaption>\n\n<\/div><\/div>\n\n<div class=\"gb-grid-column gb-grid-column-4b5f7a67\"><div class=\"gb-container gb-container-4b5f7a67\">\n<div class=\"gb-container gb-container-2081de07\">\n\n<figure class=\"gb-block-image gb-block-image-4ad0f39e\"><img loading=\"lazy\" decoding=\"async\" width=\"2470\" height=\"1109\" class=\"gb-image gb-image-4ad0f39e\" src=\"https:\/\/onsite-data.io\/wp-content\/uploads\/2026\/03\/logo-ertico_190x85.png\" alt=\"logo ertico 19,0x8,5\" title=\"Logo ERTICO_19,0x8,5\" srcset=\"https:\/\/onsite-data.io\/wp-content\/uploads\/2026\/03\/logo-ertico_190x85.png 2470w, https:\/\/onsite-data.io\/wp-content\/uploads\/2026\/03\/logo-ertico_190x85-300x135.png 300w, https:\/\/onsite-data.io\/wp-content\/uploads\/2026\/03\/logo-ertico_190x85-1024x460.png 1024w, https:\/\/onsite-data.io\/wp-content\/uploads\/2026\/03\/logo-ertico_190x85-768x345.png 768w, https:\/\/onsite-data.io\/wp-content\/uploads\/2026\/03\/logo-ertico_190x85-1536x690.png 1536w, https:\/\/onsite-data.io\/wp-content\/uploads\/2026\/03\/logo-ertico_190x85-2048x920.png 2048w\" sizes=\"auto, (max-width: 2470px) 100vw, 2470px\" \/><\/figure>\n\n<\/div>\n\n\n<figcaption class=\"gb-headline gb-headline-ffdc160e gb-headline-text gb-headline-absatz-14pt\">ERTICO \/ ITS Weltkongress  <\/figcaption>\n\n\n\n<figcaption class=\"gb-headline gb-headline-718cb422 gb-headline-text gb-headline-absatz-14pt\"><strong>Beste Produktinnovation 2021<\/strong><\/figcaption>\n\n<\/div><\/div>\n\n<div class=\"gb-grid-column gb-grid-column-3b57725d\"><div class=\"gb-container gb-container-3b57725d\">\n<div class=\"gb-container gb-container-72e0e58c\">\n\n<figure class=\"gb-block-image gb-block-image-5fced017\"><img loading=\"lazy\" decoding=\"async\" width=\"2470\" height=\"1104\" class=\"gb-image gb-image-5fced017\" src=\"https:\/\/onsite-data.io\/wp-content\/uploads\/2026\/03\/logo-sal_190x85.png\" alt=\"logo sal 19,0x8,5\" title=\"Logo SAL_19,0x8,5\" srcset=\"https:\/\/onsite-data.io\/wp-content\/uploads\/2026\/03\/logo-sal_190x85.png 2470w, https:\/\/onsite-data.io\/wp-content\/uploads\/2026\/03\/logo-sal_190x85-300x134.png 300w, https:\/\/onsite-data.io\/wp-content\/uploads\/2026\/03\/logo-sal_190x85-1024x458.png 1024w, https:\/\/onsite-data.io\/wp-content\/uploads\/2026\/03\/logo-sal_190x85-768x343.png 768w, https:\/\/onsite-data.io\/wp-content\/uploads\/2026\/03\/logo-sal_190x85-1536x687.png 1536w, https:\/\/onsite-data.io\/wp-content\/uploads\/2026\/03\/logo-sal_190x85-2048x915.png 2048w\" sizes=\"auto, (max-width: 2470px) 100vw, 2470px\" \/><\/figure>\n\n<\/div>\n\n\n<figcaption class=\"gb-headline gb-headline-e8b24cee gb-headline-text gb-headline-absatz-14pt\">Silicon Austria Labs GmbH  <\/figcaption>\n\n\n\n<figcaption class=\"gb-headline gb-headline-9f53f0fb gb-headline-text gb-headline-absatz-14pt\"><strong>F&amp;E Partnerschaft<\/strong><\/figcaption>\n\n<\/div><\/div>\n\n<div class=\"gb-grid-column gb-grid-column-9cf062ba\"><div class=\"gb-container gb-container-9cf062ba\">\n<div class=\"gb-container gb-container-611f262c\">\n\n<figure class=\"gb-block-image gb-block-image-bdd4046e\"><img loading=\"lazy\" decoding=\"async\" width=\"2475\" height=\"1109\" class=\"gb-image gb-image-bdd4046e\" src=\"https:\/\/onsite-data.io\/wp-content\/uploads\/2026\/03\/logo-nissen_190x85.png\" alt=\"logo nissen 19,0x8,5\" title=\"Logo Nissen_19,0x8,5\" srcset=\"https:\/\/onsite-data.io\/wp-content\/uploads\/2026\/03\/logo-nissen_190x85.png 2475w, https:\/\/onsite-data.io\/wp-content\/uploads\/2026\/03\/logo-nissen_190x85-300x134.png 300w, https:\/\/onsite-data.io\/wp-content\/uploads\/2026\/03\/logo-nissen_190x85-1024x459.png 1024w, https:\/\/onsite-data.io\/wp-content\/uploads\/2026\/03\/logo-nissen_190x85-768x344.png 768w, https:\/\/onsite-data.io\/wp-content\/uploads\/2026\/03\/logo-nissen_190x85-1536x688.png 1536w, https:\/\/onsite-data.io\/wp-content\/uploads\/2026\/03\/logo-nissen_190x85-2048x918.png 2048w\" sizes=\"auto, (max-width: 2475px) 100vw, 2475px\" \/><\/figure>\n\n<\/div>\n\n\n<figcaption class=\"gb-headline gb-headline-4fc7e63e gb-headline-text gb-headline-absatz-14pt\">Adolf Nissen Elektrobau GmbH+Co.KG<\/figcaption>\n\n\n\n<figcaption class=\"gb-headline gb-headline-8b341470 gb-headline-text gb-headline-absatz-14pt\"><strong>Strategische Partnerschaft<\/strong><\/figcaption>\n\n<\/div><\/div>\n<\/div>\n<\/div>","protected":false},"excerpt":{"rendered":"","protected":false},"author":2,"featured_media":0,"parent":0,"menu_order":0,"comment_status":"closed","ping_status":"closed","template":"","meta":{"_seopress_robots_primary_cat":"","_seopress_titles_title":"","_seopress_titles_desc":"","_seopress_robots_index":"","footnotes":""},"class_list":["post-2777","page","type-page","status-publish"],"_links":{"self":[{"href":"https:\/\/onsite-data.io\/de\/wp-json\/wp\/v2\/pages\/2777","targetHints":{"allow":["GET"]}}],"collection":[{"href":"https:\/\/onsite-data.io\/de\/wp-json\/wp\/v2\/pages"}],"about":[{"href":"https:\/\/onsite-data.io\/de\/wp-json\/wp\/v2\/types\/page"}],"author":[{"embeddable":true,"href":"https:\/\/onsite-data.io\/de\/wp-json\/wp\/v2\/users\/2"}],"replies":[{"embeddable":true,"href":"https:\/\/onsite-data.io\/de\/wp-json\/wp\/v2\/comments?post=2777"}],"version-history":[{"count":23,"href":"https:\/\/onsite-data.io\/de\/wp-json\/wp\/v2\/pages\/2777\/revisions"}],"predecessor-version":[{"id":2952,"href":"https:\/\/onsite-data.io\/de\/wp-json\/wp\/v2\/pages\/2777\/revisions\/2952"}],"wp:attachment":[{"href":"https:\/\/onsite-data.io\/de\/wp-json\/wp\/v2\/media?parent=2777"}],"curies":[{"name":"wp","href":"https:\/\/api.w.org\/{rel}","templated":true}]}}