{"id":2681,"date":"2026-03-06T11:51:47","date_gmt":"2026-03-06T10:51:47","guid":{"rendered":"https:\/\/onsite-data.io\/?page_id=2681"},"modified":"2026-04-28T13:59:00","modified_gmt":"2026-04-28T11:59:00","slug":"technologie","status":"publish","type":"page","link":"https:\/\/onsite-data.io\/de\/technologie\/","title":{"rendered":"Technologie"},"content":{"rendered":"<div class=\"gb-container gb-container-08503db1 gb-container-main\">\n\n<h5 class=\"wp-block-heading\">integrierte digitale Systeme f\u00fcr mobile Stra\u00dfeninfrastruktur<\/h5>\n\n\n\n<h2 class=\"wp-block-heading\">Hardware. Software.  Regulierungs-konforme Architektur.<\/h2>\n\n\n<div class=\"gb-container gb-container-c9f17152\">\n\n<p class=\"gb-headline gb-headline-30b883fe gb-headline-text gb-headline-intro-text\">Digitale Systeme f\u00fcr mobile Stra\u00dfeninfrastruktur erfordern eine nahtlose Integration, um physische Infrastruktur, eingebettete Elektronik und die operativen Verkehrssysteme zu einer einheitlichen und skalierbaren Architektur zu verbinden.<br>Onsite Data Intelligence entwickelt integrierte Technologien f\u00fcr mobile Stra\u00dfeninfrastruktur, die robuste Hardware, zuverl\u00e4ssige Datenverarbeitung und nahtlose Systemintegration miteinander verbinden. Unsere Systeme sind auf den langfristigen Einsatz auf der Stra\u00dfe, Betriebssicherheit und Kompatibilit\u00e4t mit etablierten Verkehrsmanagement-Umgebungen ausgelegt. <br><\/p>\n\n\n\n<p class=\"gb-headline gb-headline-d7ef0bee gb-headline-text gb-headline-intro-text\">Durch unsere strategische Partnerschaft mit der <a href=\"https:\/\/nissen-germany.com\/en\/home\/\" target=\"_blank\" rel=\"noreferrer noopener\">Adolf Nissen Elektrobau GmbH + Co. KG<\/a> werden diese Technologien in bew\u00e4hrte Verkehrssicherheits-Produkte integriert. Das erm\u00f6glicht einen industriell skalierbaren Einsatz, abgestimmt mit regulatorischen Rahmenbedingungen und europ\u00e4ischer ITS-Gesetzgebung.<\/p>\n\n<\/div>\n<\/div>\n\n<div class=\"gb-container gb-container-0cbad6b8 gb-container-main\">\n\n<h5 class=\"wp-block-heading\"><meta http-equiv=\"content-type\" content=\"text\/html; charset=utf-8\">Hardware-Integration<\/h5>\n\n\n\n<h2 class=\"gb-headline gb-headline-27bdc235 gb-headline-text\"><strong><meta http-equiv=\"content-type\" content=\"text\/html; charset=utf-8\"><strong>Genial einfache Hardware. F\u00fcr Skalierung gebaut. <\/strong><\/strong>.<\/h2>\n\n\n<div class=\"gb-grid-wrapper gb-grid-wrapper-98b4d5ec\">\n<div class=\"gb-grid-column gb-grid-column-922ce042\"><div class=\"gb-container gb-container-922ce042\"><div class=\"gb-inside-container\">\n\n<p>Mobile Stra\u00dfeninfrastruktur &#8211; Ampeln, Sicherheitsbaken, Schranken &#8211; wird durch die Integration von IoT-Elementen zur Positionsbestimmung, Status\u00fcberwachung oder Ereigniserkennung in eine vernetzte, intelligente Infrastruktur umgewandelt.<\/p>\n\n\n\n<p>Unsere Hardwaretechnologie konzentriert sich auf genial einfache, robuste Elektronik, die auf anspruchsvolle Umgebungen auf der Stra\u00dfe und konsequente Skalierung ausgerichtet ist. Die Hardware-Architektur ist so konzipiert, dass sie sich nahtlos in bestehende Produkte integrieren l\u00e4sst und mit den gesetzlichen Rahmenbedingungen wie der <a href=\"https:\/\/www.bast.de\/DE\/Home\/home_node.html\" target=\"_blank\" rel=\"noreferrer noopener\">BASt-Zertifizierung<\/a> f\u00fcr Verkehrssicherheitsl\u00f6sungen \u00fcbereinstimmt.<\/p>\n\n\n\n<p>Unsere erste Innovation, die IoT Baseplate, wurde von <a href=\"https:\/\/ertico.com\/\" target=\"_blank\" rel=\"noreferrer noopener\">ERTICO &#8211; ITS Europe<\/a><a href=\"https:\/\/ertico.com\/\"> <\/a>auf dem ITS World Congress 2021 in Hamburg mit dem <strong>Preis &#8222;Best Product Innovation of the Year&#8220; <\/strong>ausgezeichnet.<\/p>\n\n<\/div><\/div><\/div>\n\n<div class=\"gb-grid-column gb-grid-column-66b96032\"><div class=\"gb-container gb-container-66b96032\"><div class=\"gb-inside-container\">\n\n<figure class=\"wp-block-image size-full is-style-default wp-duotone-grayscale\"><img loading=\"lazy\" decoding=\"async\" width=\"426\" height=\"340\" src=\"https:\/\/onsite-data.io\/wp-content\/uploads\/2026\/03\/hardware_12x15.png\" alt=\"hardware 12x15\" class=\"wp-image-2878\" srcset=\"https:\/\/onsite-data.io\/wp-content\/uploads\/2026\/03\/hardware_12x15.png 426w, https:\/\/onsite-data.io\/wp-content\/uploads\/2026\/03\/hardware_12x15-300x239.png 300w\" sizes=\"auto, (max-width: 426px) 100vw, 426px\" \/><\/figure>\n\n<\/div><\/div><\/div>\n<\/div>\n<\/div>\n\n<div class=\"gb-container gb-container-016fb9ce gb-container-main\">\n\n<h5 class=\"wp-block-heading\">Software- und Systemintegration<\/h5>\n\n\n\n<h2 class=\"gb-headline gb-headline-a30c5ef5 gb-headline-text\">Zuverl\u00e4ssige Daten mit integrierter Systemarchitektur.<\/h2>\n\n\n<div class=\"gb-grid-wrapper gb-grid-wrapper-5fffc3ea\">\n<div class=\"gb-grid-column gb-grid-column-edaa9402\"><div class=\"gb-container gb-container-edaa9402\"><div class=\"gb-inside-container\">\n<div class=\"gb-container gb-container-f9bc341f\">\n<div class=\"wp-block-image is-resized\">\n<figure class=\"aligncenter size-full\"><img loading=\"lazy\" decoding=\"async\" width=\"1980\" height=\"1595\" src=\"https:\/\/onsite-data.io\/wp-content\/uploads\/2026\/03\/software_12x15.jpg\" alt=\"software 12x15\" class=\"wp-image-2882\" style=\"width:575px\" srcset=\"https:\/\/onsite-data.io\/wp-content\/uploads\/2026\/03\/software_12x15.jpg 1980w, https:\/\/onsite-data.io\/wp-content\/uploads\/2026\/03\/software_12x15-300x242.jpg 300w, https:\/\/onsite-data.io\/wp-content\/uploads\/2026\/03\/software_12x15-1024x825.jpg 1024w, https:\/\/onsite-data.io\/wp-content\/uploads\/2026\/03\/software_12x15-768x619.jpg 768w, https:\/\/onsite-data.io\/wp-content\/uploads\/2026\/03\/software_12x15-1536x1237.jpg 1536w\" sizes=\"auto, (max-width: 1980px) 100vw, 1980px\" \/><\/figure>\n<\/div>\n<\/div>\n<\/div><\/div><\/div>\n\n<div class=\"gb-grid-column gb-grid-column-f6def493\"><div class=\"gb-container gb-container-f6def493\"><div class=\"gb-inside-container\">\n\n<p>Die von der vernetzten Infrastruktur erzeugten Daten werden \u00fcber skalierbare Softwarearchitekturen und modulare Middleware verarbeitet, die eine sichere \u00dcbertragung, ein zuverl\u00e4ssiges Datenmanagement und eine nahtlose Integration in operative Systeme gew\u00e4hrleisten.<\/p>\n\n\n\n<p>Unsere Technologie erm\u00f6glicht die Integration von Infrastrukturdaten in Verkehrsmanagementsysteme, digitale Zwillinge, C-ITS \/ CCAM-Umgebungen und nationale Plattformen wie <a href=\"http:\/\/evis.gv.at\/\" target=\"_blank\" rel=\"noreferrer noopener\">EVIS.AT<\/a> oder <a href=\"https:\/\/gip.gv.at\/\" target=\"_blank\" rel=\"noreferrer noopener\">GIP<\/a> in \u00d6sterreich.<\/p>\n\n\n\n<p>Die modulare Architektur und Standardisierung f\u00fcr Datenqualit\u00e4t und Schnittstellen erm\u00f6glichen Interoperabilit\u00e4t mit bestehenden IT-Umgebungen des \u00f6ffentlichen Sektors und etablierten Verkehrsdatenplattformen, um die Kontextualisierung der Daten f\u00fcr eine intelligente Interpretation von Verkehrsereignissen zu erm\u00f6glichen.<\/p>\n\n<\/div><\/div><\/div>\n<\/div>\n<\/div>\n\n<div class=\"gb-container gb-container-771195da gb-container-main\">\n\n<h5 class=\"wp-block-heading\"><meta http-equiv=\"content-type\" content=\"text\/html; charset=utf-8\">Normen und Vorschriften<\/h5>\n\n\n\n<h2 class=\"gb-headline gb-headline-26636aab gb-headline-text\"><strong><meta http-equiv=\"content-type\" content=\"text\/html; charset=utf-8\"><\/strong>Entwickelt f\u00fcr Regularien und Interoperabilit\u00e4t. <\/h2>\n\n\n<div class=\"gb-grid-wrapper gb-grid-wrapper-0344a868\">\n<div class=\"gb-grid-column gb-grid-column-e168099f\"><div class=\"gb-container gb-container-e168099f\"><div class=\"gb-inside-container\">\n\n<p>Die \u00f6ffentliche digitale Stra\u00dfeninfrastruktur bewegt sich in einem komplexen rechtlichen Rahmen, der spezielles Fachwissen und Einblick in Regularien, Richtlinien und Gesetze erfordert. Unsere Systeme sind als Komplettl\u00f6sungen konzipiert, die Europ\u00e4ischen Richtlinien (z.B. <a href=\"https:\/\/eur-lex.europa.eu\/legal-content\/EN\/ALL\/?uri=CELEX%3A32023L2661\" target=\"_blank\" rel=\"noreferrer noopener\">EU 2023\/2661<\/a>), nationalen Gesetzgebungen (z.B. IVS-G), C-ITS-Spezifikationen (z.B. <a href=\"https:\/\/www.c-roads.eu\/\" target=\"_blank\" rel=\"noreferrer noopener\">C-ROADS<\/a>) und Zertifizierungsanforderungen f\u00fcr Verkehrssicherheitsl\u00f6sungen wie jene der <a href=\"https:\/\/www.bast.de\/DE\/Home\/home_node.html\" target=\"_blank\" rel=\"noreferrer noopener\">BASt<\/a> in Deutschland entsprechen.<\/p>\n\n\n\n<p>Dadurch wird sichergestellt, dass digitale Infrastrukturdaten \u00fcber <a href=\"https:\/\/napcore.eu\/\" data-type=\"link\" data-id=\"https:\/\/napcore.eu\/\" target=\"_blank\" rel=\"noreferrer noopener\">nationale Zugangspunkte (NAP)<\/a> nahtlos in interoperable Verkehrsinformationssysteme und europ\u00e4ische Daten\u00f6kosysteme integriert werden k\u00f6nnen.<\/p>\n\n<\/div><\/div><\/div>\n\n<div class=\"gb-grid-column gb-grid-column-8690f826\"><div class=\"gb-container gb-container-8690f826\"><div class=\"gb-inside-container\">\n\n<figure class=\"wp-block-image size-full is-resized\"><img decoding=\"async\" src=\"https:\/\/onsite-data.io\/wp-content\/uploads\/2021\/03\/3_Koop_Sensorik_Verkehr.jpg\" alt=\"\" class=\"wp-image-1282\" style=\"aspect-ratio:1.4986929537967826;width:575px;height:auto\"\/><\/figure>\n\n<\/div><\/div><\/div>\n<\/div>\n<\/div>\n\n<div class=\"gb-container gb-container-d0ca3041 gb-container-main\">\n\n<h5 class=\"wp-block-heading\">Forschung und Innovation<\/h5>\n\n\n\n<h2 class=\"gb-headline gb-headline-a88a948e gb-headline-text\">Kooperative Projekte f\u00fcr die Zukunft der digitalen Stra\u00dfeninfrastruktur.<\/h2>\n\n\n<div class=\"gb-grid-wrapper gb-grid-wrapper-8e133e97\">\n<div class=\"gb-grid-column gb-grid-column-6636e859\"><div class=\"gb-container gb-container-6636e859\"><div class=\"gb-inside-container\">\n<div class=\"gb-container gb-container-384a98e7\">\n<div class=\"wp-block-image is-resized wp-duotone-grayscale\">\n<figure class=\"aligncenter size-large\"><img loading=\"lazy\" decoding=\"async\" width=\"1024\" height=\"825\" src=\"https:\/\/onsite-data.io\/wp-content\/uploads\/2026\/03\/research-and-innovation_12x15-1-1024x825.jpg\" alt=\"Forschung und Innovation 12x15\" class=\"wp-image-2874\" style=\"width:575px\" srcset=\"https:\/\/onsite-data.io\/wp-content\/uploads\/2026\/03\/research-and-innovation_12x15-1-1024x825.jpg 1024w, https:\/\/onsite-data.io\/wp-content\/uploads\/2026\/03\/research-and-innovation_12x15-1-300x242.jpg 300w, https:\/\/onsite-data.io\/wp-content\/uploads\/2026\/03\/research-and-innovation_12x15-1-768x618.jpg 768w, https:\/\/onsite-data.io\/wp-content\/uploads\/2026\/03\/research-and-innovation_12x15-1-1536x1237.jpg 1536w, https:\/\/onsite-data.io\/wp-content\/uploads\/2026\/03\/research-and-innovation_12x15-1.jpg 1952w\" sizes=\"auto, (max-width: 1024px) 100vw, 1024px\" \/><\/figure>\n<\/div>\n<\/div>\n<\/div><\/div><\/div>\n\n<div class=\"gb-grid-column gb-grid-column-6cf49dd4\"><div class=\"gb-container gb-container-6cf49dd4\"><div class=\"gb-inside-container\">\n\n<p>Onsite Data Intelligence arbeitet eng mit f\u00fchrenden Forschungseinrichtungen und Technologiepartnern zusammen, um die digitale Transformation der Stra\u00dfeninfrastruktur voranzutreiben.<\/p>\n\n\n\n<p>Durch die Teilnahme an Forschungs- und Innovationsprogrammen entwickeln wir neue Ans\u00e4tze f\u00fcr Infrastruktur-Intelligenz, KI-gest\u00fctzte Analysen und CCAM-Umgebungen. Diese Projekte helfen dabei, neue Technologien in einsatzf\u00e4hige L\u00f6sungen f\u00fcr die reale Stra\u00dfeninfrastruktur umzusetzen.  Zu den aktuellen Arbeiten geh\u00f6ren Forschungen zu digitalen Infrastruktur-Landmarks f\u00fcr CCAM-Umgebungen, wie das Projekt <strong>CCAM Artificial Landmarks<\/strong>.<\/p>\n\n\n\n<p>Wir arbeiten eng mit f\u00fchrenden F&amp;E-Partnern zusammen, darunter <strong><a href=\"http:\/\/www.its-viennaregionat.\" data-type=\"link\" data-id=\"www.its-viennaregionat.\" target=\"_blank\" rel=\"noreferrer noopener\">ITS Vienna Region<\/a><\/strong>, <strong><a href=\"https:\/\/www.ait.ac.at\/\" target=\"_blank\" rel=\"noreferrer noopener\">AIT \u00d6sterreichisches Institut f\u00fcr Technologie<\/a><\/strong> und <strong><a href=\"https:\/\/www.silicon-austria-labs.com\/\" target=\"_blank\" rel=\"noreferrer noopener\">Silicon Austria Labs<\/a><\/strong>.<\/p>\n\n<\/div><\/div><\/div>\n<\/div>\n\n\n<div style=\"height:31px\" aria-hidden=\"true\" class=\"wp-block-spacer\"><\/div>\n\n<\/div>","protected":false},"excerpt":{"rendered":"","protected":false},"author":2,"featured_media":0,"parent":0,"menu_order":0,"comment_status":"closed","ping_status":"closed","template":"","meta":{"_seopress_robots_primary_cat":"","_seopress_titles_title":"Technology - Onsite Data Intelligence GmbH","_seopress_titles_desc":"","_seopress_robots_index":"","footnotes":""},"class_list":["post-2681","page","type-page","status-publish"],"_links":{"self":[{"href":"https:\/\/onsite-data.io\/de\/wp-json\/wp\/v2\/pages\/2681","targetHints":{"allow":["GET"]}}],"collection":[{"href":"https:\/\/onsite-data.io\/de\/wp-json\/wp\/v2\/pages"}],"about":[{"href":"https:\/\/onsite-data.io\/de\/wp-json\/wp\/v2\/types\/page"}],"author":[{"embeddable":true,"href":"https:\/\/onsite-data.io\/de\/wp-json\/wp\/v2\/users\/2"}],"replies":[{"embeddable":true,"href":"https:\/\/onsite-data.io\/de\/wp-json\/wp\/v2\/comments?post=2681"}],"version-history":[{"count":15,"href":"https:\/\/onsite-data.io\/de\/wp-json\/wp\/v2\/pages\/2681\/revisions"}],"predecessor-version":[{"id":2966,"href":"https:\/\/onsite-data.io\/de\/wp-json\/wp\/v2\/pages\/2681\/revisions\/2966"}],"wp:attachment":[{"href":"https:\/\/onsite-data.io\/de\/wp-json\/wp\/v2\/media?parent=2681"}],"curies":[{"name":"wp","href":"https:\/\/api.w.org\/{rel}","templated":true}]}}