{"id":2675,"date":"2021-06-21T21:01:23","date_gmt":"2021-06-21T19:01:23","guid":{"rendered":"https:\/\/onsite-data.io\/loesungen\/"},"modified":"2026-04-28T13:41:36","modified_gmt":"2026-04-28T11:41:36","slug":"loesungen","status":"publish","type":"page","link":"https:\/\/onsite-data.io\/de\/loesungen\/","title":{"rendered":"L\u00f6sungen"},"content":{"rendered":"<div class=\"gb-container gb-container-08503db1 gb-container-main\">\n\n<h5 class=\"wp-block-heading\">Die Daten vor Ort, die Sie ben\u00f6tigen.<\/h5>\n\n\n\n<h2 class=\"wp-block-heading\">Vertrauensw\u00fcrdige Infrastrukturdaten f\u00fcr Verkehrsmanagement, Regularien und CCAM.<\/h2>\n\n\n\n<p class=\"gb-headline gb-headline-30b883fe gb-headline-text gb-headline-intro-text\">Letztendlich liefern wir genau eine L\u00f6sung: die Daten, die Sie vor Ort ben\u00f6tigen. Fokussiert, integriert und skalierbar. Wir stehen f\u00fcr zielgerichtete und kosteneffiziente L\u00f6sungen, die optimal in Infrastruktur und Systeme integriert und leicht skalierbar sind. Von Infrastruktur Tracking bis hin zu zuverl\u00e4ssigen Informationen \u00fcber Verkehrsereignisse und CCAM-f\u00e4hige Pr\u00e4zisionsdaten &#8211; unsere L\u00f6sungen verwandeln mobile Stra\u00dfeninfrastrukturen in vertrauensw\u00fcrdige digitale Informationen f\u00fcr die Integration in Mobilit\u00e4tssysteme.<\/p>\n\n<\/div>\n\n<div class=\"gb-container gb-container-b52d8810 gb-container-main\">\n\n<h2 class=\"wp-block-heading\">Tracking mobiler Stra\u00dfeninfrastruktur.<\/h2>\n\n\n<div class=\"gb-grid-wrapper gb-grid-wrapper-42ca4768\">\n<div class=\"gb-grid-column gb-grid-column-19674173\"><div class=\"gb-container gb-container-19674173\"><div class=\"gb-inside-container\">\n\n<p>Stra\u00dfenverwaltungen, Instandhaltung und Bauunternehmen ben\u00f6tigen heute einen pr\u00e4zisen und aktuellen \u00dcberblick zu mobiler Stra\u00dfeninfrastruktur w\u00e4hrend des Einsatzes und Betriebs. Mobile Infrastructure Tracking bietet eine zuverl\u00e4ssige, GPS-gest\u00fctzte Ortung f\u00fcr tempor\u00e4re und mobile Stra\u00dfeninfrastruktur &#8211; von Leitbaken und Absperrungen bis hin zu Betonsockeln und Verkehrsschildern.<\/p>\n\n\n\n<p>Unsere robusten, wartungsarmen IoT-Module erfassen Position und Status und erm\u00f6glichen es Beh\u00f6rden und Betreibern, ihr Inventar zu digitalisieren und es nahtlos in bestehende Systeme und Arbeitsabl\u00e4ufe zu integrieren.<\/p>\n\n\n\n<p><strong>Der Mehrwert: <\/strong>nahtlos integrierte Standort- und Statusverfolgung f\u00fcr mobile Infrastruktur, um pr\u00e4zise, aktuelle Daten f\u00fcr operative Systeme liefern.<\/p>\n\n<\/div><\/div><\/div>\n\n<div class=\"gb-grid-column gb-grid-column-805363ab\"><div class=\"gb-container gb-container-805363ab\"><div class=\"gb-inside-container\">\n\n<figure class=\"wp-block-image size-full wp-duotone-grayscale\"><img loading=\"lazy\" decoding=\"async\" width=\"426\" height=\"340\" src=\"https:\/\/onsite-data.io\/wp-content\/uploads\/2026\/03\/mobile-road-infrastructure-tracking_12x15.jpg\" alt=\"mobile road infrastructure tracking 12x15\" class=\"wp-image-2859\" srcset=\"https:\/\/onsite-data.io\/wp-content\/uploads\/2026\/03\/mobile-road-infrastructure-tracking_12x15.jpg 426w, https:\/\/onsite-data.io\/wp-content\/uploads\/2026\/03\/mobile-road-infrastructure-tracking_12x15-300x239.jpg 300w\" sizes=\"auto, (max-width: 426px) 100vw, 426px\" \/><\/figure>\n\n<\/div><\/div><\/div>\n<\/div>\n\n\n<div style=\"height:30px\" aria-hidden=\"true\" class=\"wp-block-spacer\"><\/div>\n\n\n\n<h2 class=\"wp-block-heading\">Intelligenz f\u00fcr Verkehrsereignisse.<\/h2>\n\n\n<div class=\"gb-grid-wrapper gb-grid-wrapper-13316e23\">\n<div class=\"gb-grid-column gb-grid-column-80ab1647\"><div class=\"gb-container gb-container-80ab1647\"><div class=\"gb-inside-container\">\n\n<p>Dynamisches Verkehrsmanagement und die Einhaltung europ\u00e4ischer Richtlinien bzw. der entsprechenden nationalen Gesetze erfordern mehr als nur Sensordaten. Traffic Event Intelligence kontextualisiert und verifiziert Sensordaten, die von der Infrastruktur vor Ort generiert werden, mit Backend-Datens\u00e4tzen wie Benachrichtigungen, Ereignisdatenbanken und GIS-Referenznetzen. Das Ergebnis sind vertrauensw\u00fcrdige, maschinenlesbare Daten f\u00fcr Echtzeit-Verkehrsmanagement und gesetzeskonforme Datenbereitstellung.<\/p>\n\n\n\n<p>Unsere L\u00f6sung erm\u00f6glicht es Beh\u00f6rden und Infrastrukturbetreibern, ihre Verpflichtungen gem\u00e4\u00df der EU-Richtlinie EU2023\/2661 und den entsprechenden nationalen Gesetzen (z.B. IVS-G) auf einfache, skalierbare und integrierte Weise zu erf\u00fcllen.<\/p>\n\n\n\n<p><strong>Der Mehrwert:<\/strong> kontextabh\u00e4ngige Verifizierung und Extraktion von Verkehrsdaten und maschinenlesbare Bereitstellung f\u00fcr Beh\u00f6rden, Betreiber, Verkehrsmanagement und Dienstleister.<\/p>\n\n<\/div><\/div><\/div>\n\n<div class=\"gb-grid-column gb-grid-column-1e5bc253\"><div class=\"gb-container gb-container-1e5bc253\"><div class=\"gb-inside-container\">\n\n<figure class=\"wp-block-image size-full wp-duotone-grayscale\"><img loading=\"lazy\" decoding=\"async\" width=\"426\" height=\"340\" src=\"https:\/\/onsite-data.io\/wp-content\/uploads\/2026\/03\/traffic-event-intelligence_12x15.jpg\" alt=\"traffic event intelligence 12x15\" class=\"wp-image-2861\" srcset=\"https:\/\/onsite-data.io\/wp-content\/uploads\/2026\/03\/traffic-event-intelligence_12x15.jpg 426w, https:\/\/onsite-data.io\/wp-content\/uploads\/2026\/03\/traffic-event-intelligence_12x15-300x239.jpg 300w\" sizes=\"auto, (max-width: 426px) 100vw, 426px\" \/><\/figure>\n\n<\/div><\/div><\/div>\n<\/div>\n\n\n<div style=\"height:30px\" aria-hidden=\"true\" class=\"wp-block-spacer\"><\/div>\n\n\n\n<h2 class=\"wp-block-heading\">CCAM \/ C-ITS Umgebung.<\/h2>\n\n\n<div class=\"gb-grid-wrapper gb-grid-wrapper-e3adf8ab\">\n<div class=\"gb-grid-column gb-grid-column-d9156816\"><div class=\"gb-container gb-container-d9156816\"><div class=\"gb-inside-container\">\n\n<p>Vernetzte, kooperative und automatisierte Mobilit\u00e4t (CCAM) erfordert hochpr\u00e4zise und vertrauensw\u00fcrdige Daten, um einen zuverl\u00e4ssigen Einsatz im Alltagsverkehr zu erm\u00f6glichen. Tempor\u00e4re Verkehrsereignisse wie Baustellen erfordern validierte, aktuelle und maschinenlesbare Informationen, die mit den europ\u00e4ischen Vorschriften, der nationalen Gesetzgebung und gemeinsamen Spezifikationen wie C-ROADS im Einklang stehen.<\/p>\n\n\n\n<p>Onsite Data Intelligence bietet spezielle L\u00f6sungen f\u00fcr die Erstellung und Bereitstellung pr\u00e4ziser Infrastrukturdaten f\u00fcr diese Situationen. Unsere Systeme f\u00fcgen sich nahtlos in Umgebungen des \u00f6ffentlichen Sektors, etablierte betriebliche Prozesse und kooperative Mobilit\u00e4tssysteme ein. Onsite Data Intelligence ist Mitglied der <a href=\"https:\/\/www.saam-austria.at\/\" data-type=\"link\" data-id=\"https:\/\/www.saam-austria.at\/\" target=\"_blank\" rel=\"noreferrer noopener\">Strategischen Allianz f\u00fcr Automatisierte Mobilit\u00e4t SAAM<\/a>.<\/p>\n\n\n\n<p><strong>Der Mehrwert: <\/strong>skalierbare Bereitstellung von vertrauensw\u00fcrdigen, hochpr\u00e4zisen Infrastrukturdaten f\u00fcr den realen Einsatz von CCAM- und C-ITS-Umgebungen \u2013 abgestimmt auf Vorschriften und integriert in Systeme, Spezifikationen und operative Arbeitsabl\u00e4ufe.<\/p>\n\n<\/div><\/div><\/div>\n\n<div class=\"gb-grid-column gb-grid-column-78974cb5\"><div class=\"gb-container gb-container-78974cb5\"><div class=\"gb-inside-container\">\n\n<figure class=\"wp-block-image size-full wp-duotone-grayscale\"><img loading=\"lazy\" decoding=\"async\" width=\"426\" height=\"340\" src=\"https:\/\/onsite-data.io\/wp-content\/uploads\/2026\/03\/ccam_c-its_environment_12x15.jpg\" alt=\"ccam c its environment 12x15\" class=\"wp-image-2862\" srcset=\"https:\/\/onsite-data.io\/wp-content\/uploads\/2026\/03\/ccam_c-its_environment_12x15.jpg 426w, https:\/\/onsite-data.io\/wp-content\/uploads\/2026\/03\/ccam_c-its_environment_12x15-300x239.jpg 300w\" sizes=\"auto, (max-width: 426px) 100vw, 426px\" \/><\/figure>\n\n<\/div><\/div><\/div>\n<\/div>\n<\/div>\n\n\n<p><\/p>\n","protected":false},"excerpt":{"rendered":"","protected":false},"author":2,"featured_media":0,"parent":0,"menu_order":0,"comment_status":"closed","ping_status":"closed","template":"","meta":{"_seopress_robots_primary_cat":"","_seopress_titles_title":"Solutions - Onsite Data Intelligence GmbH","_seopress_titles_desc":"","_seopress_robots_index":"","footnotes":""},"class_list":["post-2675","page","type-page","status-publish"],"_links":{"self":[{"href":"https:\/\/onsite-data.io\/de\/wp-json\/wp\/v2\/pages\/2675","targetHints":{"allow":["GET"]}}],"collection":[{"href":"https:\/\/onsite-data.io\/de\/wp-json\/wp\/v2\/pages"}],"about":[{"href":"https:\/\/onsite-data.io\/de\/wp-json\/wp\/v2\/types\/page"}],"author":[{"embeddable":true,"href":"https:\/\/onsite-data.io\/de\/wp-json\/wp\/v2\/users\/2"}],"replies":[{"embeddable":true,"href":"https:\/\/onsite-data.io\/de\/wp-json\/wp\/v2\/comments?post=2675"}],"version-history":[{"count":18,"href":"https:\/\/onsite-data.io\/de\/wp-json\/wp\/v2\/pages\/2675\/revisions"}],"predecessor-version":[{"id":2961,"href":"https:\/\/onsite-data.io\/de\/wp-json\/wp\/v2\/pages\/2675\/revisions\/2961"}],"wp:attachment":[{"href":"https:\/\/onsite-data.io\/de\/wp-json\/wp\/v2\/media?parent=2675"}],"curies":[{"name":"wp","href":"https:\/\/api.w.org\/{rel}","templated":true}]}}