{"id":2671,"date":"2021-07-05T10:32:43","date_gmt":"2021-07-05T08:32:43","guid":{"rendered":"https:\/\/onsite-data.io\/unternehmen\/"},"modified":"2026-04-28T13:59:27","modified_gmt":"2026-04-28T11:59:27","slug":"unternehmen","status":"publish","type":"page","link":"https:\/\/onsite-data.io\/de\/unternehmen\/","title":{"rendered":"Unternehmen"},"content":{"rendered":"<div class=\"gb-container gb-container-c14bb2c4 gb-container-main\">\n\n<h5 class=\"wp-block-heading\">Onsite data intelligence gmbh<\/h5>\n\n\n\n<h2 class=\"gb-headline gb-headline-54b7e1af gb-headline-text\">Integrierte digitale Systeme f\u00fcr mobile Stra\u00dfeninfrastruktur.<\/h2>\n\n\n\n<p class=\"gb-headline gb-headline-973c1c85 gb-headline-text gb-headline-intro-text\">Onsite Data Intelligence ist ein spezialisiertes europ\u00e4isches Technologieunternehmen mit Sitz in \u00d6sterreich, das sich auf integrierte digitale Systeme f\u00fcr mobile Stra\u00dfeninfrastruktur konzentriert. Das von Markus Dorn (CTO) und Klaus Heimbuchner (CEO) gegr\u00fcndete und geleitete Unternehmen vereint technische Tiefe, Insights in Regularien und Erfahrung im \u00f6ffentlichen Sektor.<\/p>\n\n\n\n<p class=\"gb-headline gb-headline-a64d8423 gb-headline-text gb-headline-intro-text\">Wir entwickeln und implementieren integrierte Hardware- und Softwarel\u00f6sungen f\u00fcr Beh\u00f6rden, Infrastrukturbetreiber und Verkehrsmanagement-Organisationen in ganz Europa. Unsere Systeme sind auf Betriebszuverl\u00e4ssigkeit und langfristigen institutionellen Einsatz ausgelegt und mit den umgebenden Prozessen, Systemen und Vorschriften wie der europ\u00e4ischen ITS-Richtlinie und den entsprechenden nationalen Gesetzgebungen abgestimmt &#8211; genial einfach und f\u00fcr Skalierung gebaut.<\/p>\n\n<\/div>\n\n<div class=\"gb-container gb-container-b23bbcf1 gb-container-main\">\n\n<h5 class=\"gb-headline gb-headline-c3fdc3b6 gb-headline-text\">Management<\/h5>\n\n\n\n<h2 class=\"wp-block-heading\">Erfahrung. Kompetenz. Umsetzung.  <\/h2>\n\n\n\n<p class=\"gb-headline gb-headline-3257d512 gb-headline-text gb-headline-intro-text\"> <\/p>\n\n\n<div class=\"gb-grid-wrapper gb-grid-wrapper-5ac5a99d\">\n<div class=\"gb-grid-column gb-grid-column-8fe0dd36\"><div class=\"gb-container gb-container-8fe0dd36\"><div class=\"gb-inside-container\">\n<div class=\"wp-block-image is-style-default wp-duotone-grayscale\">\n<figure class=\"aligncenter size-large\"><img loading=\"lazy\" decoding=\"async\" width=\"1024\" height=\"682\" src=\"https:\/\/onsite-data.io\/wp-content\/uploads\/2026\/03\/heimbuchner_dorn_zoom1_150x100-1-1024x682.jpg\" alt=\"heimbuchner dorn zoom1 15,0x10,0\" class=\"wp-image-2853\" srcset=\"https:\/\/onsite-data.io\/wp-content\/uploads\/2026\/03\/heimbuchner_dorn_zoom1_150x100-1-1024x682.jpg 1024w, https:\/\/onsite-data.io\/wp-content\/uploads\/2026\/03\/heimbuchner_dorn_zoom1_150x100-1-300x200.jpg 300w, https:\/\/onsite-data.io\/wp-content\/uploads\/2026\/03\/heimbuchner_dorn_zoom1_150x100-1-768x512.jpg 768w, https:\/\/onsite-data.io\/wp-content\/uploads\/2026\/03\/heimbuchner_dorn_zoom1_150x100-1.jpg 1420w\" sizes=\"auto, (max-width: 1024px) 100vw, 1024px\" \/><\/figure>\n<\/div>\n\n\n<p class=\"has-small-font-size\">Klaus Heimbuchner, CEO \/ Markus Dorn, CTO<\/p>\n\n<\/div><\/div><\/div>\n\n<div class=\"gb-grid-column gb-grid-column-d1dce517\"><div class=\"gb-container gb-container-d1dce517\">\n\n<p class=\"gb-headline gb-headline-9ef19e0e gb-headline-text gb-headline-intro-text\">Gemeinsam mit einem Team aus erfahrenen Expert:innen und einem Netzwerk strategischer Partner vereinen Markus Dorn und Klaus Heimbuchner jahrzehntelange Erfahrung in den Bereichen digitale Systemarchitektur, integrierte Hardware- und Softwareentwicklung, regulatorische Rahmenbedingungen sowie Deployment im \u00f6ffentlichen Sektor in ganz Europa.<\/p>\n\n<\/div><\/div>\n<\/div>\n\n\n<h5 class=\"gb-headline gb-headline-7c9f4154 gb-headline-text\">STRATEGISCHE PARTNERSCHAFT<\/h5>\n\n\n\n<h2 class=\"wp-block-heading\"><strong>NISSEN road safety solutions<\/strong><\/h2>\n\n\n<div class=\"gb-grid-wrapper gb-grid-wrapper-16df1e50\">\n<div class=\"gb-grid-column gb-grid-column-1be77b6d\"><div class=\"gb-container gb-container-1be77b6d\">\n\n<p class=\"gb-headline gb-headline-bcbea8bd gb-headline-text gb-headline-intro-text\">Onsite Data Intelligence ist in einer strategischen Partnerschaft mit <a href=\"https:\/\/nissen-germany.com\/en\/home\/\" target=\"_blank\" rel=\"noreferrer noopener\">Adolf Nissen Elektrobau GmbH + Co. KG<\/a>, einem der weltweit f\u00fchrenden Hersteller von mobilen Verkehrssicherheitsl\u00f6sungen mit mehr als 100 Jahren Industrieerfahrung. Gemeinsam kombinieren wir bew\u00e4hrte physische Verkehrssicherheitsinfrastruktur mit digitaler Systemintegration im Einklang mit der europ\u00e4ischen ITS-Gesetzgebung&#8230; <\/p>\n\n<\/div><\/div>\n\n<div class=\"gb-grid-column gb-grid-column-bcfb00c5\"><div class=\"gb-container gb-container-bcfb00c5\"><div class=\"gb-inside-container\">\n<div class=\"wp-block-image is-style-default\">\n<figure class=\"aligncenter size-large\"><a href=\"https:\/\/nissen-germany.com\/\"><img loading=\"lazy\" decoding=\"async\" width=\"1024\" height=\"682\" src=\"https:\/\/onsite-data.io\/wp-content\/uploads\/2026\/03\/nissen-road-safety-solutions_up_150x100-1024x682.png\" alt=\"nissen road safety solutions up 15,0x10,0\" class=\"wp-image-2855\" srcset=\"https:\/\/onsite-data.io\/wp-content\/uploads\/2026\/03\/nissen-road-safety-solutions_up_150x100-1024x682.png 1024w, https:\/\/onsite-data.io\/wp-content\/uploads\/2026\/03\/nissen-road-safety-solutions_up_150x100-300x200.png 300w, https:\/\/onsite-data.io\/wp-content\/uploads\/2026\/03\/nissen-road-safety-solutions_up_150x100-768x512.png 768w, https:\/\/onsite-data.io\/wp-content\/uploads\/2026\/03\/nissen-road-safety-solutions_up_150x100-1536x1024.png 1536w, https:\/\/onsite-data.io\/wp-content\/uploads\/2026\/03\/nissen-road-safety-solutions_up_150x100.png 1952w\" sizes=\"auto, (max-width: 1024px) 100vw, 1024px\" \/><\/a><\/figure>\n<\/div>\n\n\n<p class=\"has-small-font-size\"><br><\/p>\n\n<\/div><\/div><\/div>\n<\/div>\n<\/div>","protected":false},"excerpt":{"rendered":"","protected":false},"author":2,"featured_media":0,"parent":0,"menu_order":0,"comment_status":"closed","ping_status":"closed","template":"","meta":{"_seopress_robots_primary_cat":"","_seopress_titles_title":"Onsite Data Intelligence GmbH","_seopress_titles_desc":"","_seopress_robots_index":"","footnotes":""},"class_list":["post-2671","page","type-page","status-publish"],"_links":{"self":[{"href":"https:\/\/onsite-data.io\/de\/wp-json\/wp\/v2\/pages\/2671","targetHints":{"allow":["GET"]}}],"collection":[{"href":"https:\/\/onsite-data.io\/de\/wp-json\/wp\/v2\/pages"}],"about":[{"href":"https:\/\/onsite-data.io\/de\/wp-json\/wp\/v2\/types\/page"}],"author":[{"embeddable":true,"href":"https:\/\/onsite-data.io\/de\/wp-json\/wp\/v2\/users\/2"}],"replies":[{"embeddable":true,"href":"https:\/\/onsite-data.io\/de\/wp-json\/wp\/v2\/comments?post=2671"}],"version-history":[{"count":16,"href":"https:\/\/onsite-data.io\/de\/wp-json\/wp\/v2\/pages\/2671\/revisions"}],"predecessor-version":[{"id":2967,"href":"https:\/\/onsite-data.io\/de\/wp-json\/wp\/v2\/pages\/2671\/revisions\/2967"}],"wp:attachment":[{"href":"https:\/\/onsite-data.io\/de\/wp-json\/wp\/v2\/media?parent=2671"}],"curies":[{"name":"wp","href":"https:\/\/api.w.org\/{rel}","templated":true}]}}